{"id":63,"date":"2025-02-28T11:10:53","date_gmt":"2025-02-28T10:10:53","guid":{"rendered":"https:\/\/dclk.fr\/p2c\/index.php\/store\/"},"modified":"2025-03-02T17:12:52","modified_gmt":"2025-03-02T16:12:52","slug":"store","status":"publish","type":"page","link":"https:\/\/dclk.fr\/p2c\/","title":{"rendered":"Les produits"},"content":{"rendered":"\n\n<section class=\"ec_product_page ec_product_shortcode_no_borders\" id=\"ec_product_page\">\n\n\t\n\t\n\t\n\t<div class=\"ec_product_page_sort\">\n\n\t\t\n\t\t\n\t\t\n\t\t\n\t\t\n\t\t\t\t<span class=\"ec_product_page_perpage\">\n\t\t\t<span>Voir <\/span> \n\t\t\t\t\t\t\t<a href=\"?perpage=10\">10<\/a>\n\t\t\t\t\t\t\t<a href=\"?perpage=25\" class=\"ec_selected\">25<\/a>\n\t\t\t\t\t\t\t<a href=\"?perpage=50\">50<\/a>\n\t\t\t\t\t<\/span>\n\t\t\t\t<span class=\"ec_product_page_showing\">\n\t\t\tAfficher tous 2 les r\u00e9sultats\t\t<\/span>\n\n\t\t\n\t\t\t\t<select name=\"sortfield\" id=\"sortfield\" onchange=\"change_product_sort('0', '0', '0', '0', '0', '0', '0', '0', '1', '25', 'https:\/\/dclk.fr\/p2c\/index.php', '?', '');\" class=\"ec_sort_menu no_wrap\">\n\n<option value=\"0\" selected=\"selected\">Tri Par D\u00e9faut<\/option>\n\n<option value=\"1\">Prix Bas-Haut<\/option>\n\n<option value=\"2\">Prix Haut-Bas<\/option>\n\n<option value=\"3\">Titre A-Z<\/option>\n\n<option value=\"4\">Titre Z-A<\/option>\n\n<option value=\"5\">Le Plus R\u00e9cent<\/option>\n\n<option value=\"8\">Le plus ancien<\/option>\n\n<option value=\"6\">Meilleure Revue<\/option>\n\n<option value=\"7\">Le Plus vu<\/option>\n\n<\/select>\n\n\t\t\n\t<\/div>\n\n\t<div class=\"ec_product_added_to_cart\">\n\t\t<div class=\"ec_product_added_icon\"><\/div>Le produit a \u00e9t\u00e9 ajout\u00e9 \u00e0 votre panier. <a href=\"https:\/\/dclk.fr\/p2c\/?page_id=64\" title=\"mon panier\">mon panier<\/a>\n\t<\/div>\n\t<ul  id=\"ec_store_product_list\">\n<li class=\"ec_product_li\" id=\"ec_product_li_DTFA4\" data-wpec-cats=\"\">\n\n\n\n\n\n\n\n\t<div style=\"padding:0px; margin:auto; vertical-align:middle;\" class=\"ec_product_type5\" id=\"ec_product_image_DTFA4\">\n\n\t\t\t\t<div id=\"ec_product_image_effect_DTFA4\" class=\"ec_image_container_none ec_dynamic_image_height dynamic_height_rule\">\n\t\t\t\t\t\t<a href=\"https:\/\/dclk.fr\/p2c\/?ec_store=impression-dtf-a4-21x28cm\" class=\"ec_image_link_cover\"><span class=\"wpec-visually-hide\">IMPRESSION DTF A4 | 21x28cm<\/span><\/a>\n\n\t\t\t\t\t\t\t\t\t<div class=\"ec_product_image_display_type ec_single_fade_container ec_dynamic_image_height dynamic_height_rule\">\n\n\t\t\t\t\n\t\t\t\t\t\t\t\t<div class=\"ec_dynamic_image_height ec_product_image_container  dynamic_height_rule\">\n\n\t\t\t\t\t\n\t\t\t\t\t<div class=\"ec_dynamic_image_height ec_product_image_1  dynamic_height_rule\"><img decoding=\"async\" src=\"http:\/\/dclk.fr\/p2c\/wp-content\/uploads\/2025\/03\/DTF-A4.png\" alt=\"IMPRESSION DTF A4 | 21x28cm\" class=\"skip-lazy\" \/><\/div>\n\n\t\t\t\t\t\n\t\t\t\t<\/div>\n\t\t\t\t\t\t\t<\/div>\n\t\t\t\t\t<\/div>\n\n\t\t\t\t<div class=\"ec_product_meta_type6\">\n\t\t\t\t\t\t<h3 class=\"ec_product_title\"><a href=\"https:\/\/dclk.fr\/p2c\/?ec_store=impression-dtf-a4-21x28cm\" class=\"ec_image_link_cover\">IMPRESSION DTF A4 | 21x28cm<\/a><\/h3>\n\t\t\t\t\t\t\t\t\t\t\t\t\t\t\t\t\t\t\t\t\t<div class=\"ec_price_container\">\n\t\t\t\t\t\t\t\t\t\t\t\t3,00&euro; - 6,00&euro;\t\t\t\t\t<\/div>\n\n\t\t\t\t  \t\t\t\t\t\t\t\t\t\t\t\t<div class=\"ec_product_description\"><\/div>\n\t\t\t\n\t\t\t\n\t\t\t\t\t\t\t\t\t<div class=\"ec_product_addtocart_container\"><span class=\"ec_product_addtocart ec_product_addtocart_no_margin\"><a href=\"https:\/\/dclk.fr\/p2c\/?ec_store=impression-dtf-a4-21x28cm\" target=\"_self\">s\u00e9lectionnez les options<\/a><\/span><\/div>\n\t\t\t\n\t\t\t\t\t<\/div>\n\n\t\t\n\t\t\t\t<h3 class=\"ec_product_title_type5\"><a href=\"https:\/\/dclk.fr\/p2c\/?ec_store=impression-dtf-a4-21x28cm\" class=\"ec_image_link_cover\">IMPRESSION DTF A4 | 21x28cm<\/a><\/h3>\n\t\t\t\t\t\t\t\t\n\t\t\t\t\t\t\t\t\t\t\t<div class=\"ec_price_container_type5\">\n\t\t\t\t\t\t\t\t\t\t\t<span class=\"ec_price_type5\">\n\t\t\t\t\t\t\t3,00&euro; - 6,00&euro;\t\t\t\t\t\t<\/span>\n\t\t\t\t\t <\/div>\n\t\t\t\t \n\t\t\t  \n\t\t\n\t\t\t\t\t\t\t\t<div class=\"ec_product_addtocart_container\"><span class=\"ec_product_addtocart ec_product_addtocart_no_margin\"><a href=\"https:\/\/dclk.fr\/p2c\/?ec_store=impression-dtf-a4-21x28cm\">s\u00e9lectionnez les options<\/a><\/span><\/div>\n\t\t\t\t\n\t\t\n\t\t\t\t\n\t\t\n\t\t<div class=\"ec_product_successfully_added_container\" id=\"ec_product_added_DTFA4\"><div class=\"ec_product_successfully_added\"><div>Ajout\u00e9 avec succ\u00e8s \u00e0 votre panier<\/div><\/div><\/div>\n\n\t\t<div class=\"ec_product_loader_container\" id=\"ec_product_loader_DTFA4\"><div class=\"ec_product_loader\"><div>Ajout au panier...<\/div><\/div><\/div>\n\n\t<\/div>\n\n<\/li>\n<li class=\"ec_product_li\" id=\"ec_product_li_DTFA3\" data-wpec-cats=\"\">\n\n\n\n\n\n\n\n\t<div style=\"padding:0px; margin:auto; vertical-align:middle;\" class=\"ec_product_type5\" id=\"ec_product_image_DTFA3\">\n\n\t\t\t\t<div id=\"ec_product_image_effect_DTFA3\" class=\"ec_image_container_none ec_dynamic_image_height dynamic_height_rule\">\n\t\t\t\t\t\t<a href=\"https:\/\/dclk.fr\/p2c\/?ec_store=impression-dtf-a3-28x42cm\" class=\"ec_image_link_cover\"><span class=\"wpec-visually-hide\">IMPRESSION DTF A3 | 28x42cm<\/span><\/a>\n\n\t\t\t\t\t\t\t\t\t<div class=\"ec_product_image_display_type ec_single_fade_container ec_dynamic_image_height dynamic_height_rule\">\n\n\t\t\t\t\n\t\t\t\t\t\t\t\t<div class=\"ec_dynamic_image_height ec_product_image_container  dynamic_height_rule\">\n\n\t\t\t\t\t\n\t\t\t\t\t<div class=\"ec_dynamic_image_height ec_product_image_1  dynamic_height_rule\"><img decoding=\"async\" src=\"http:\/\/dclk.fr\/p2c\/wp-content\/uploads\/2025\/03\/DTF-A3.png\" alt=\"IMPRESSION DTF A3 | 28x42cm\" class=\"skip-lazy\" \/><\/div>\n\n\t\t\t\t\t\n\t\t\t\t<\/div>\n\t\t\t\t\t\t\t<\/div>\n\t\t\t\t\t<\/div>\n\n\t\t\t\t<div class=\"ec_product_meta_type6\">\n\t\t\t\t\t\t<h3 class=\"ec_product_title\"><a href=\"https:\/\/dclk.fr\/p2c\/?ec_store=impression-dtf-a3-28x42cm\" class=\"ec_image_link_cover\">IMPRESSION DTF A3 | 28x42cm<\/a><\/h3>\n\t\t\t\t\t\t\t\t\t\t\t\t\t\t\t\t\t\t\t\t\t<div class=\"ec_price_container\">\n\t\t\t\t\t\t\t\t\t\t\t\t5,00&euro; - 10,00&euro;\t\t\t\t\t<\/div>\n\n\t\t\t\t  \t\t\t\t\t\t\t\t\t\t\t\t<div class=\"ec_product_description\"><\/div>\n\t\t\t\n\t\t\t\n\t\t\t\t\t\t\t\t\t<div class=\"ec_product_addtocart_container\"><span class=\"ec_product_addtocart ec_product_addtocart_no_margin\"><a href=\"https:\/\/dclk.fr\/p2c\/?ec_store=impression-dtf-a3-28x42cm\" target=\"_self\">s\u00e9lectionnez les options<\/a><\/span><\/div>\n\t\t\t\n\t\t\t\t\t<\/div>\n\n\t\t\n\t\t\t\t<h3 class=\"ec_product_title_type5\"><a href=\"https:\/\/dclk.fr\/p2c\/?ec_store=impression-dtf-a3-28x42cm\" class=\"ec_image_link_cover\">IMPRESSION DTF A3 | 28x42cm<\/a><\/h3>\n\t\t\t\t\t\t\t\t\n\t\t\t\t\t\t\t\t\t\t\t<div class=\"ec_price_container_type5\">\n\t\t\t\t\t\t\t\t\t\t\t<span class=\"ec_price_type5\">\n\t\t\t\t\t\t\t5,00&euro; - 10,00&euro;\t\t\t\t\t\t<\/span>\n\t\t\t\t\t <\/div>\n\t\t\t\t \n\t\t\t  \n\t\t\n\t\t\t\t\t\t\t\t<div class=\"ec_product_addtocart_container\"><span class=\"ec_product_addtocart ec_product_addtocart_no_margin\"><a href=\"https:\/\/dclk.fr\/p2c\/?ec_store=impression-dtf-a3-28x42cm\">s\u00e9lectionnez les options<\/a><\/span><\/div>\n\t\t\t\t\n\t\t\n\t\t\t\t\n\t\t\n\t\t<div class=\"ec_product_successfully_added_container\" id=\"ec_product_added_DTFA3\"><div class=\"ec_product_successfully_added\"><div>Ajout\u00e9 avec succ\u00e8s \u00e0 votre panier<\/div><\/div><\/div>\n\n\t\t<div class=\"ec_product_loader_container\" id=\"ec_product_loader_DTFA3\"><div class=\"ec_product_loader\"><div>Ajout au panier...<\/div><\/div><\/div>\n\n\t<\/div>\n\n<\/li><\/ul>\n\t\t<div style=\"clear:both\"><\/div>\n\n\t\n\t<\/section>\n","protected":false},"excerpt":{"rendered":"","protected":false},"author":1,"featured_media":0,"parent":0,"menu_order":0,"comment_status":"closed","ping_status":"closed","template":"wp-custom-template-pages-od","meta":{"footnotes":""},"class_list":["post-63","page","type-page","status-publish","hentry"],"_links":{"self":[{"href":"https:\/\/dclk.fr\/p2c\/index.php?rest_route=\/wp\/v2\/pages\/63","targetHints":{"allow":["GET"]}}],"collection":[{"href":"https:\/\/dclk.fr\/p2c\/index.php?rest_route=\/wp\/v2\/pages"}],"about":[{"href":"https:\/\/dclk.fr\/p2c\/index.php?rest_route=\/wp\/v2\/types\/page"}],"author":[{"embeddable":true,"href":"https:\/\/dclk.fr\/p2c\/index.php?rest_route=\/wp\/v2\/users\/1"}],"replies":[{"embeddable":true,"href":"https:\/\/dclk.fr\/p2c\/index.php?rest_route=%2Fwp%2Fv2%2Fcomments&post=63"}],"version-history":[{"count":1,"href":"https:\/\/dclk.fr\/p2c\/index.php?rest_route=\/wp\/v2\/pages\/63\/revisions"}],"predecessor-version":[{"id":94,"href":"https:\/\/dclk.fr\/p2c\/index.php?rest_route=\/wp\/v2\/pages\/63\/revisions\/94"}],"wp:attachment":[{"href":"https:\/\/dclk.fr\/p2c\/index.php?rest_route=%2Fwp%2Fv2%2Fmedia&parent=63"}],"curies":[{"name":"wp","href":"https:\/\/api.w.org\/{rel}","templated":true}]}}